{"id":2,"date":"2021-02-12T06:10:26","date_gmt":"2021-02-12T06:10:26","guid":{"rendered":"http:\/\/localhost\/wordpress\/?page_id=2"},"modified":"2026-01-05T13:18:10","modified_gmt":"2026-01-05T13:18:10","slug":"sample-page","status":"publish","type":"page","link":"https:\/\/www.swagatindicka.cz\/","title":{"rendered":"\u00davod"},"content":{"rendered":"<!--themify_builder_content-->\n<div id=\"themify_builder_content-2\" data-postid=\"2\" class=\"themify_builder_content themify_builder_content-2 themify_builder tf_clear\">\n    \t<!-- module_row -->\n\t<div  data-css_id=\"n2o9509\" data-lazy=\"1\" class=\"module_row themify_builder_row repeat fullwidth tb_n2o9509 tb_first clearfix\" >\n\t    \t\t<div class=\"row_inner col_align_middle gutter-none tf_box tf_w tf_rel\"  data-basecol=\"2\" data-col_tablet=\"column-full\" data-col_tablet_landscape=\"column4-2\" data-col_mobile=\"column-full\">\n\t\t\t<div  data-lazy=\"1\" class=\"module_column tb-column col4-2 first tb_z4jl510 repeat tf_box\">\n\t    \t    \t        <div class=\"tb-column-inner tf_box tf_w\">\n\t\t    <!-- module text -->\n<div  class=\"module module-text tb_74aj510   \" data-lazy=\"1\">\n            <div  class=\"tb_text_wrap\">\n    <h3><span style=\"color: #ffff99;\">V\u00edtejte ve stylov\u00e9 restauraci<\/span><\/h3>\n<p><!-- \/wp:heading --><!-- wp:heading {\"level\":3} --><\/p>\n<p>Indick\u00e1 kuchyn\u011b \u2013 variace chut\u00ed a v\u016fn\u00ed.<\/p>\n<p>Pokud jste doposud indickou kuchyni neokusili,<br \/>rozhodn\u011b si tento z\u00e1\u017eitek nenechejte uj\u00edt.<\/p>\n<p>\u00a0<\/p>\n<p><!-- \/wp:heading --><!-- wp:paragraph --><!-- \/wp:paragraph --><\/p>\n<h3><!-- wp:paragraph --><\/h3>\n<h3><span style=\"color: #ffff99;\">PROVOZN\u00cd DOBA<\/span><\/h3>\n<h3>\u00daT\u2013P\u00c1 11\u201321 hod.<br \/>SO\u2013NE 12\u201321 hod.<br \/>pond\u011bl\u00ed \u2013 zav\u0159eno<\/h3>\n<p>T\u011b\u0161\u00edme se na Va\u0161e objedn\u00e1vky<\/p>    <\/div>\n<\/div>\n<!-- \/module text -->\t<div  data-lazy=\"1\" class=\"module_subrow themify_builder_sub_row tb_7sug511 tf_w clearfix\">\n\t    \t\t<div class=\"subrow_inner col_align_top tf_box tf_w\">\n\t\t\t<div  style=\"width: 55.69%\" data-lazy=\"1\" class=\"sub_column module_column tf_box col3-1 first tb_coxg511\"> \n\t    \t    \t<\/div>\n\t\t<div  style=\"width: 32.63%\" data-lazy=\"1\" class=\"sub_column module_column tf_box col3-1 middle tb_xi7q512\"> \n\t    \t    \t<\/div>\n\t\t<div  style=\"width: 5.28%\" data-lazy=\"1\" class=\"sub_column module_column tf_box col3-1 last tb_vxkg512\"> \n\t    \t    \t<\/div>\n\t\t    <\/div>\n\t<\/div><!-- \/themify_builder_sub_row -->\n\t\t        <\/div>\n\t    \t<\/div>\n\t\t<div  data-lazy=\"1\" class=\"module_column tb-column col4-2 last tb_jseh513 repeat tf_box\">\n\t    \t    \t        <div class=\"tb-column-inner tf_box tf_w\">\n\t\t    <!-- module image -->\n<div  class=\"module module-image tb_upys513   image-center active-caption-hover auto_fullwidth tf_mw\" data-lazy=\"1\" data-lax=\"true\" data-lax-anchor=\"self\" data-lax-optimize=\"true\" data-lax-no-op=\"true\">\n            <div class=\"image-wrap tf_rel tf_mw\">\n\t\t    <img src=\"http:\/\/www.swagatindicka.cz\/wp-content\/uploads\/2021\/02\/budha.jpg\" width=\"1200\" height=\"1600\" title=\"\u00davod\" alt=\"\u00davod\">\t\n\t\t<\/div>\n\t<!-- \/image-wrap -->\n    \n    \n<\/div>\n<!-- \/module image -->\t        <\/div>\n\t    \t<\/div>\n\t\t    <\/div>\n\t    <!-- \/row_inner -->\n\t<\/div>\n\t<!-- \/module_row -->\n\t<\/div>\n<!--\/themify_builder_content-->\r\n\r\n<p>&nbsp;<\/p>","protected":false},"excerpt":{"rendered":"<p>V\u00edtejte ve stylov\u00e9 restauraci Indick\u00e1 kuchyn\u011b \u2013 variace chut\u00ed a v\u016fn\u00ed. Pokud jste doposud indickou kuchyni neokusili,rozhodn\u011b si tento z\u00e1\u017eitek nenechejte uj\u00edt. \u00a0 PROVOZN\u00cd DOBA \u00daT\u2013P\u00c1 11\u201321 hod.SO\u2013NE 12\u201321 hod.pond\u011bl\u00ed \u2013 zav\u0159eno T\u011b\u0161\u00edme se na Va\u0161e objedn\u00e1vky &nbsp;<\/p>\n","protected":false},"author":1,"featured_media":0,"parent":0,"menu_order":1,"comment_status":"closed","ping_status":"closed","template":"","meta":[],"_links":{"self":[{"href":"https:\/\/www.swagatindicka.cz\/index.php\/wp-json\/wp\/v2\/pages\/2"}],"collection":[{"href":"https:\/\/www.swagatindicka.cz\/index.php\/wp-json\/wp\/v2\/pages"}],"about":[{"href":"https:\/\/www.swagatindicka.cz\/index.php\/wp-json\/wp\/v2\/types\/page"}],"author":[{"embeddable":true,"href":"https:\/\/www.swagatindicka.cz\/index.php\/wp-json\/wp\/v2\/users\/1"}],"replies":[{"embeddable":true,"href":"https:\/\/www.swagatindicka.cz\/index.php\/wp-json\/wp\/v2\/comments?post=2"}],"version-history":[{"count":111,"href":"https:\/\/www.swagatindicka.cz\/index.php\/wp-json\/wp\/v2\/pages\/2\/revisions"}],"predecessor-version":[{"id":459,"href":"https:\/\/www.swagatindicka.cz\/index.php\/wp-json\/wp\/v2\/pages\/2\/revisions\/459"}],"wp:attachment":[{"href":"https:\/\/www.swagatindicka.cz\/index.php\/wp-json\/wp\/v2\/media?parent=2"}],"curies":[{"name":"wp","href":"https:\/\/api.w.org\/{rel}","templated":true}]}}